{"id":84169,"date":"2010-04-08T14:59:45","date_gmt":"2010-04-08T19:59:45","guid":{"rendered":"http:\/\/akunq.net\/tr\/\/?page_id=2"},"modified":"2010-04-08T14:59:45","modified_gmt":"2010-04-08T19:59:45","slug":"about","status":"publish","type":"page","link":"https:\/\/akunq.net\/turkish\/about\/","title":{"rendered":"Hakk\u0131m\u0131zda"},"content":{"rendered":"<p>\u201cBat\u0131 Ermenileri Sorunlar\u0131 Ara\u015ft\u0131rma Merkezi\u201d Bilimsel Ara\u015ft\u0131rmalar Vakf\u0131. Niyetimiz, Bat\u0131 Ermenistan\u2019da ve T\u00fcrkiye Cumhuriyeti\u2019nin di\u011fer b\u00f6lgelerinde ik\u00e2met eden Ermenilerin ya\u015famlar\u0131n\u0131n t\u00fcm alanlar\u0131yla ilgili bilgileri toplay\u0131p incelemektir. <\/p>\n","protected":false},"excerpt":{"rendered":"<p>\u201cBat\u0131 Ermenileri Sorunlar\u0131 Ara\u015ft\u0131rma Merkezi\u201d Bilimsel Ara\u015ft\u0131rmalar Vakf\u0131. Niyetimiz, Bat\u0131 Ermenistan\u2019da ve T\u00fcrkiye Cumhuriyeti\u2019nin di\u011fer b\u00f6lgelerinde ik\u00e2met eden Ermenilerin ya\u015famlar\u0131n\u0131n t\u00fcm alanlar\u0131yla ilgili bilgileri toplay\u0131p incelemektir.<\/p>\n","protected":false},"author":3,"featured_media":0,"parent":0,"menu_order":0,"comment_status":"closed","ping_status":"open","template":"","meta":{"footnotes":""},"class_list":["post-84169","page","type-page","status-publish","hentry"],"yoast_head":"<!-- This site is optimized with the Yoast SEO plugin v26.6 - https:\/\/yoast.com\/wordpress\/plugins\/seo\/ -->\n<title>Hakk\u0131m\u0131zda - Bati Ermenistan Ve Bati Ermenileri Sorunlari Ara\u015ftirmalar Merkezi<\/title>\n<meta name=\"robots\" content=\"index, follow, max-snippet:-1, max-image-preview:large, max-video-preview:-1\" \/>\n<link rel=\"canonical\" href=\"https:\/\/akunq.net\/turkish\/about\/\" \/>\n<meta property=\"og:locale\" content=\"en_US\" \/>\n<meta property=\"og:type\" content=\"article\" \/>\n<meta property=\"og:title\" content=\"Hakk\u0131m\u0131zda - Bati Ermenistan Ve Bati Ermenileri Sorunlari Ara\u015ftirmalar Merkezi\" \/>\n<meta property=\"og:description\" content=\"\u201cBat\u0131 Ermenileri Sorunlar\u0131 Ara\u015ft\u0131rma Merkezi\u201d Bilimsel Ara\u015ft\u0131rmalar Vakf\u0131. Niyetimiz, Bat\u0131 Ermenistan\u2019da ve T\u00fcrkiye Cumhuriyeti\u2019nin di\u011fer b\u00f6lgelerinde ik\u00e2met eden Ermenilerin ya\u015famlar\u0131n\u0131n t\u00fcm alanlar\u0131yla ilgili bilgileri toplay\u0131p incelemektir.\" \/>\n<meta property=\"og:url\" content=\"https:\/\/akunq.net\/turkish\/about\/\" \/>\n<meta property=\"og:site_name\" content=\"Bati Ermenistan Ve Bati Ermenileri Sorunlari Ara\u015ftirmalar Merkezi\" \/>\n<meta name=\"twitter:card\" content=\"summary_large_image\" \/>\n<script type=\"application\/ld+json\" class=\"yoast-schema-graph\">{\"@context\":\"https:\/\/schema.org\",\"@graph\":[{\"@type\":\"WebPage\",\"@id\":\"https:\/\/akunq.net\/turkish\/about\/\",\"url\":\"https:\/\/akunq.net\/turkish\/about\/\",\"name\":\"Hakk\u0131m\u0131zda - Bati Ermenistan Ve Bati Ermenileri Sorunlari Ara\u015ftirmalar Merkezi\",\"isPartOf\":{\"@id\":\"https:\/\/akunq.net\/turkish\/#website\"},\"datePublished\":\"2010-04-08T19:59:45+00:00\",\"breadcrumb\":{\"@id\":\"https:\/\/akunq.net\/turkish\/about\/#breadcrumb\"},\"inLanguage\":\"en-US\",\"potentialAction\":[{\"@type\":\"ReadAction\",\"target\":[\"https:\/\/akunq.net\/turkish\/about\/\"]}]},{\"@type\":\"BreadcrumbList\",\"@id\":\"https:\/\/akunq.net\/turkish\/about\/#breadcrumb\",\"itemListElement\":[{\"@type\":\"ListItem\",\"position\":1,\"name\":\"Home\",\"item\":\"https:\/\/akunq.net\/turkish\/\"},{\"@type\":\"ListItem\",\"position\":2,\"name\":\"Hakk\u0131m\u0131zda\"}]},{\"@type\":\"WebSite\",\"@id\":\"https:\/\/akunq.net\/turkish\/#website\",\"url\":\"https:\/\/akunq.net\/turkish\/\",\"name\":\"Bati Ermenistan Ve Bati Ermenileri Sorunlari Ara\u015ftirmalar Merkezi\",\"description\":\"\",\"potentialAction\":[{\"@type\":\"SearchAction\",\"target\":{\"@type\":\"EntryPoint\",\"urlTemplate\":\"https:\/\/akunq.net\/turkish\/?s={search_term_string}\"},\"query-input\":{\"@type\":\"PropertyValueSpecification\",\"valueRequired\":true,\"valueName\":\"search_term_string\"}}],\"inLanguage\":\"en-US\"}]}<\/script>\n<!-- \/ Yoast SEO plugin. -->","yoast_head_json":{"title":"Hakk\u0131m\u0131zda - Bati Ermenistan Ve Bati Ermenileri Sorunlari Ara\u015ftirmalar Merkezi","robots":{"index":"index","follow":"follow","max-snippet":"max-snippet:-1","max-image-preview":"max-image-preview:large","max-video-preview":"max-video-preview:-1"},"canonical":"https:\/\/akunq.net\/turkish\/about\/","og_locale":"en_US","og_type":"article","og_title":"Hakk\u0131m\u0131zda - Bati Ermenistan Ve Bati Ermenileri Sorunlari Ara\u015ftirmalar Merkezi","og_description":"\u201cBat\u0131 Ermenileri Sorunlar\u0131 Ara\u015ft\u0131rma Merkezi\u201d Bilimsel Ara\u015ft\u0131rmalar Vakf\u0131. Niyetimiz, Bat\u0131 Ermenistan\u2019da ve T\u00fcrkiye Cumhuriyeti\u2019nin di\u011fer b\u00f6lgelerinde ik\u00e2met eden Ermenilerin ya\u015famlar\u0131n\u0131n t\u00fcm alanlar\u0131yla ilgili bilgileri toplay\u0131p incelemektir.","og_url":"https:\/\/akunq.net\/turkish\/about\/","og_site_name":"Bati Ermenistan Ve Bati Ermenileri Sorunlari Ara\u015ftirmalar Merkezi","twitter_card":"summary_large_image","schema":{"@context":"https:\/\/schema.org","@graph":[{"@type":"WebPage","@id":"https:\/\/akunq.net\/turkish\/about\/","url":"https:\/\/akunq.net\/turkish\/about\/","name":"Hakk\u0131m\u0131zda - Bati Ermenistan Ve Bati Ermenileri Sorunlari Ara\u015ftirmalar Merkezi","isPartOf":{"@id":"https:\/\/akunq.net\/turkish\/#website"},"datePublished":"2010-04-08T19:59:45+00:00","breadcrumb":{"@id":"https:\/\/akunq.net\/turkish\/about\/#breadcrumb"},"inLanguage":"en-US","potentialAction":[{"@type":"ReadAction","target":["https:\/\/akunq.net\/turkish\/about\/"]}]},{"@type":"BreadcrumbList","@id":"https:\/\/akunq.net\/turkish\/about\/#breadcrumb","itemListElement":[{"@type":"ListItem","position":1,"name":"Home","item":"https:\/\/akunq.net\/turkish\/"},{"@type":"ListItem","position":2,"name":"Hakk\u0131m\u0131zda"}]},{"@type":"WebSite","@id":"https:\/\/akunq.net\/turkish\/#website","url":"https:\/\/akunq.net\/turkish\/","name":"Bati Ermenistan Ve Bati Ermenileri Sorunlari Ara\u015ftirmalar Merkezi","description":"","potentialAction":[{"@type":"SearchAction","target":{"@type":"EntryPoint","urlTemplate":"https:\/\/akunq.net\/turkish\/?s={search_term_string}"},"query-input":{"@type":"PropertyValueSpecification","valueRequired":true,"valueName":"search_term_string"}}],"inLanguage":"en-US"}]}},"_links":{"self":[{"href":"https:\/\/akunq.net\/turkish\/wp-json\/wp\/v2\/pages\/84169","targetHints":{"allow":["GET"]}}],"collection":[{"href":"https:\/\/akunq.net\/turkish\/wp-json\/wp\/v2\/pages"}],"about":[{"href":"https:\/\/akunq.net\/turkish\/wp-json\/wp\/v2\/types\/page"}],"author":[{"embeddable":true,"href":"https:\/\/akunq.net\/turkish\/wp-json\/wp\/v2\/users\/3"}],"replies":[{"embeddable":true,"href":"https:\/\/akunq.net\/turkish\/wp-json\/wp\/v2\/comments?post=84169"}],"version-history":[{"count":0,"href":"https:\/\/akunq.net\/turkish\/wp-json\/wp\/v2\/pages\/84169\/revisions"}],"wp:attachment":[{"href":"https:\/\/akunq.net\/turkish\/wp-json\/wp\/v2\/media?parent=84169"}],"curies":[{"name":"wp","href":"https:\/\/api.w.org\/{rel}","templated":true}]}}